{"id":113,"date":"2020-06-07T16:35:18","date_gmt":"2020-06-07T16:35:18","guid":{"rendered":"https:\/\/janina.in-edv.de\/?page_id=113"},"modified":"2025-01-25T14:16:04","modified_gmt":"2025-01-25T14:16:04","slug":"mediation-und-konfliktberatung-hamburg","status":"publish","type":"page","link":"https:\/\/mediation-hamburg.hamburg\/","title":{"rendered":"Mediation und Konfliktberatung Hamburg"},"content":{"rendered":"<p class=\"fonts-plugin-block \" style=\"font-family: Abhaya Libre;font-weight: 500;font-size: 25px;line-height: 2;text-align: center;color: #313131\">Befinden Sie sich in einer herausfordernden Lebenssituation? <br>Sie haben einen Streit oder eine Meinungsverschiedenheit mit einer oder mehreren Personen?<br>Sie f\u00fchlen sich hierdurch belastet und w\u00fcnschen sich eine                      konstruktive Kl\u00e4rung?<br><br>Wir helfen! <a href=\"https:\/\/mediation-hamburg.hamburg\/?page_id=789\">M\u00f6glichkeiten der Mediation<\/a><br><br>Wir, <a href=\"https:\/\/mediation-hamburg.hamburg\/?page_id=270\">Sophie Seifert-T\u00f6nnis<\/a>, <a href=\"https:\/\/mediation-hamburg.hamburg\/?page_id=272\">Janina Strohschein<\/a>und <a href=\"https:\/\/mediation-hamburg.hamburg\/?page_id=313\">Julia Kohn<\/a> als gesetzlich zertifizierte Mediatorinnen unterst\u00fctzen Sie dabei, einen Umgang mit Ihrem Konflikt zu finden. <br><br>Nehmen Sie hierf\u00fcr <a href=\"https:\/\/mediation-hamburg.hamburg\/?page_id=170\">Kontakt<\/a> zu uns auf. <br><br>Auch Online-Mediation und Konfliktcoaching. <br><\/p>\n\n<p class=\"fonts-plugin-block \" style=\"font-family: Abhaya Libre;font-weight: 500;font-size: 25px;line-height: 1.5;text-align: center;color: #000000\"><mark style=\"color:#050505\" class=\"has-inline-color\"><\/mark><\/p>","protected":false},"excerpt":{"rendered":"","protected":false},"author":2,"featured_media":1313,"parent":0,"menu_order":0,"comment_status":"closed","ping_status":"closed","template":"page_template-full.php","meta":{"_uag_custom_page_level_css":"","footnotes":""},"class_list":["post-113","page","type-page","status-publish","has-post-thumbnail","hentry","is-cat-link-line-before"],"yoast_head":"<!-- This site is optimized with the Yoast SEO plugin v27.4 - https:\/\/yoast.com\/product\/yoast-seo-wordpress\/ -->\n<title>Mediation und Konfliktberatung Hamburg - Mediation und Konfliktberatung<\/title>\n<meta name=\"description\" content=\"Wir bieten als zertifizierte Mediatorinnen Mediation und Konfliktberatung in Hamburg an. Die Sitzungen sind auch online m\u00f6glich.\" \/>\n<meta name=\"robots\" content=\"index, follow, max-snippet:-1, max-image-preview:large, max-video-preview:-1\" \/>\n<link rel=\"canonical\" href=\"https:\/\/mediation-hamburg.hamburg\/\" \/>\n<meta property=\"og:locale\" content=\"de_DE\" \/>\n<meta property=\"og:type\" content=\"article\" \/>\n<meta property=\"og:title\" content=\"Mediation und Konfliktberatung Hamburg - Mediation und Konfliktberatung\" \/>\n<meta property=\"og:description\" content=\"Wir bieten als zertifizierte Mediatorinnen Mediation und Konfliktberatung in Hamburg an. Die Sitzungen sind auch online m\u00f6glich.\" \/>\n<meta property=\"og:url\" content=\"https:\/\/mediation-hamburg.hamburg\/\" \/>\n<meta property=\"og:site_name\" content=\"Mediation und Konfliktberatung\" \/>\n<meta property=\"article:modified_time\" content=\"2025-01-25T14:16:04+00:00\" \/>\n<meta property=\"og:image\" content=\"https:\/\/mediation-hamburg.hamburg\/wp-content\/uploads\/2022\/04\/gemeinsam2-scaled.jpg\" \/>\n\t<meta property=\"og:image:width\" content=\"2560\" \/>\n\t<meta property=\"og:image:height\" content=\"1620\" \/>\n\t<meta property=\"og:image:type\" content=\"image\/jpeg\" \/>\n<meta name=\"twitter:card\" content=\"summary_large_image\" \/>\n<meta name=\"twitter:label1\" content=\"Gesch\u00e4tzte Lesezeit\" \/>\n\t<meta name=\"twitter:data1\" content=\"1\u00a0Minute\" \/>\n<script type=\"application\/ld+json\" class=\"yoast-schema-graph\">{\"@context\":\"https:\\\/\\\/schema.org\",\"@graph\":[{\"@type\":\"WebPage\",\"@id\":\"https:\\\/\\\/mediation-hamburg.hamburg\\\/\",\"url\":\"https:\\\/\\\/mediation-hamburg.hamburg\\\/\",\"name\":\"Mediation und Konfliktberatung Hamburg - Mediation und Konfliktberatung\",\"isPartOf\":{\"@id\":\"https:\\\/\\\/mediation-hamburg.hamburg\\\/#website\"},\"primaryImageOfPage\":{\"@id\":\"https:\\\/\\\/mediation-hamburg.hamburg\\\/#primaryimage\"},\"image\":{\"@id\":\"https:\\\/\\\/mediation-hamburg.hamburg\\\/#primaryimage\"},\"thumbnailUrl\":\"https:\\\/\\\/mediation-hamburg.hamburg\\\/wp-content\\\/uploads\\\/2022\\\/04\\\/gemeinsam2-scaled.jpg\",\"datePublished\":\"2020-06-07T16:35:18+00:00\",\"dateModified\":\"2025-01-25T14:16:04+00:00\",\"description\":\"Wir bieten als zertifizierte Mediatorinnen Mediation und Konfliktberatung in Hamburg an. Die Sitzungen sind auch online m\u00f6glich.\",\"breadcrumb\":{\"@id\":\"https:\\\/\\\/mediation-hamburg.hamburg\\\/#breadcrumb\"},\"inLanguage\":\"de\",\"potentialAction\":[{\"@type\":\"ReadAction\",\"target\":[\"https:\\\/\\\/mediation-hamburg.hamburg\\\/\"]}]},{\"@type\":\"ImageObject\",\"inLanguage\":\"de\",\"@id\":\"https:\\\/\\\/mediation-hamburg.hamburg\\\/#primaryimage\",\"url\":\"https:\\\/\\\/mediation-hamburg.hamburg\\\/wp-content\\\/uploads\\\/2022\\\/04\\\/gemeinsam2-scaled.jpg\",\"contentUrl\":\"https:\\\/\\\/mediation-hamburg.hamburg\\\/wp-content\\\/uploads\\\/2022\\\/04\\\/gemeinsam2-scaled.jpg\",\"width\":2560,\"height\":1620,\"caption\":\"OLYMPUS DIGITAL CAMERA\"},{\"@type\":\"BreadcrumbList\",\"@id\":\"https:\\\/\\\/mediation-hamburg.hamburg\\\/#breadcrumb\",\"itemListElement\":[{\"@type\":\"ListItem\",\"position\":1,\"name\":\"Startseite\",\"item\":\"https:\\\/\\\/mediation-hamburg.hamburg\\\/\"},{\"@type\":\"ListItem\",\"position\":2,\"name\":\"Mediation und Konfliktberatung Hamburg\"}]},{\"@type\":\"WebSite\",\"@id\":\"https:\\\/\\\/mediation-hamburg.hamburg\\\/#website\",\"url\":\"https:\\\/\\\/mediation-hamburg.hamburg\\\/\",\"name\":\"Mediation und Konfliktberatung\",\"description\":\"SOPHIE SEIFERT-T\u00d6NNIS + JANINA STROHSCHEIN + JULIA KOHN\",\"publisher\":{\"@id\":\"https:\\\/\\\/mediation-hamburg.hamburg\\\/#\\\/schema\\\/person\\\/e4a19ae70de9daa49e052a1c4eb71938\"},\"potentialAction\":[{\"@type\":\"SearchAction\",\"target\":{\"@type\":\"EntryPoint\",\"urlTemplate\":\"https:\\\/\\\/mediation-hamburg.hamburg\\\/?s={search_term_string}\"},\"query-input\":{\"@type\":\"PropertyValueSpecification\",\"valueRequired\":true,\"valueName\":\"search_term_string\"}}],\"inLanguage\":\"de\"},{\"@type\":[\"Person\",\"Organization\"],\"@id\":\"https:\\\/\\\/mediation-hamburg.hamburg\\\/#\\\/schema\\\/person\\\/e4a19ae70de9daa49e052a1c4eb71938\",\"name\":\"Sophie Seifert-T\u00f6nnis\",\"image\":{\"@type\":\"ImageObject\",\"inLanguage\":\"de\",\"@id\":\"https:\\\/\\\/mediation-hamburg.hamburg\\\/wp-content\\\/uploads\\\/2020\\\/09\\\/8050347-scaled.jpg\",\"url\":\"https:\\\/\\\/mediation-hamburg.hamburg\\\/wp-content\\\/uploads\\\/2020\\\/09\\\/8050347-scaled.jpg\",\"contentUrl\":\"https:\\\/\\\/mediation-hamburg.hamburg\\\/wp-content\\\/uploads\\\/2020\\\/09\\\/8050347-scaled.jpg\",\"width\":2560,\"height\":1707,\"caption\":\"Sophie Seifert-T\u00f6nnis\"},\"logo\":{\"@id\":\"https:\\\/\\\/mediation-hamburg.hamburg\\\/wp-content\\\/uploads\\\/2020\\\/09\\\/8050347-scaled.jpg\"},\"sameAs\":[\"http:\\\/\\\/mediation-hamburg.hamburg\"]}]}<\/script>\n<!-- \/ Yoast SEO plugin. -->","yoast_head_json":{"title":"Mediation und Konfliktberatung Hamburg - Mediation und Konfliktberatung","description":"Wir bieten als zertifizierte Mediatorinnen Mediation und Konfliktberatung in Hamburg an. Die Sitzungen sind auch online m\u00f6glich.","robots":{"index":"index","follow":"follow","max-snippet":"max-snippet:-1","max-image-preview":"max-image-preview:large","max-video-preview":"max-video-preview:-1"},"canonical":"https:\/\/mediation-hamburg.hamburg\/","og_locale":"de_DE","og_type":"article","og_title":"Mediation und Konfliktberatung Hamburg - Mediation und Konfliktberatung","og_description":"Wir bieten als zertifizierte Mediatorinnen Mediation und Konfliktberatung in Hamburg an. Die Sitzungen sind auch online m\u00f6glich.","og_url":"https:\/\/mediation-hamburg.hamburg\/","og_site_name":"Mediation und Konfliktberatung","article_modified_time":"2025-01-25T14:16:04+00:00","og_image":[{"width":2560,"height":1620,"url":"https:\/\/mediation-hamburg.hamburg\/wp-content\/uploads\/2022\/04\/gemeinsam2-scaled.jpg","type":"image\/jpeg"}],"twitter_card":"summary_large_image","twitter_misc":{"Gesch\u00e4tzte Lesezeit":"1\u00a0Minute"},"schema":{"@context":"https:\/\/schema.org","@graph":[{"@type":"WebPage","@id":"https:\/\/mediation-hamburg.hamburg\/","url":"https:\/\/mediation-hamburg.hamburg\/","name":"Mediation und Konfliktberatung Hamburg - Mediation und Konfliktberatung","isPartOf":{"@id":"https:\/\/mediation-hamburg.hamburg\/#website"},"primaryImageOfPage":{"@id":"https:\/\/mediation-hamburg.hamburg\/#primaryimage"},"image":{"@id":"https:\/\/mediation-hamburg.hamburg\/#primaryimage"},"thumbnailUrl":"https:\/\/mediation-hamburg.hamburg\/wp-content\/uploads\/2022\/04\/gemeinsam2-scaled.jpg","datePublished":"2020-06-07T16:35:18+00:00","dateModified":"2025-01-25T14:16:04+00:00","description":"Wir bieten als zertifizierte Mediatorinnen Mediation und Konfliktberatung in Hamburg an. Die Sitzungen sind auch online m\u00f6glich.","breadcrumb":{"@id":"https:\/\/mediation-hamburg.hamburg\/#breadcrumb"},"inLanguage":"de","potentialAction":[{"@type":"ReadAction","target":["https:\/\/mediation-hamburg.hamburg\/"]}]},{"@type":"ImageObject","inLanguage":"de","@id":"https:\/\/mediation-hamburg.hamburg\/#primaryimage","url":"https:\/\/mediation-hamburg.hamburg\/wp-content\/uploads\/2022\/04\/gemeinsam2-scaled.jpg","contentUrl":"https:\/\/mediation-hamburg.hamburg\/wp-content\/uploads\/2022\/04\/gemeinsam2-scaled.jpg","width":2560,"height":1620,"caption":"OLYMPUS DIGITAL CAMERA"},{"@type":"BreadcrumbList","@id":"https:\/\/mediation-hamburg.hamburg\/#breadcrumb","itemListElement":[{"@type":"ListItem","position":1,"name":"Startseite","item":"https:\/\/mediation-hamburg.hamburg\/"},{"@type":"ListItem","position":2,"name":"Mediation und Konfliktberatung Hamburg"}]},{"@type":"WebSite","@id":"https:\/\/mediation-hamburg.hamburg\/#website","url":"https:\/\/mediation-hamburg.hamburg\/","name":"Mediation und Konfliktberatung","description":"SOPHIE SEIFERT-T\u00d6NNIS + JANINA STROHSCHEIN + JULIA KOHN","publisher":{"@id":"https:\/\/mediation-hamburg.hamburg\/#\/schema\/person\/e4a19ae70de9daa49e052a1c4eb71938"},"potentialAction":[{"@type":"SearchAction","target":{"@type":"EntryPoint","urlTemplate":"https:\/\/mediation-hamburg.hamburg\/?s={search_term_string}"},"query-input":{"@type":"PropertyValueSpecification","valueRequired":true,"valueName":"search_term_string"}}],"inLanguage":"de"},{"@type":["Person","Organization"],"@id":"https:\/\/mediation-hamburg.hamburg\/#\/schema\/person\/e4a19ae70de9daa49e052a1c4eb71938","name":"Sophie Seifert-T\u00f6nnis","image":{"@type":"ImageObject","inLanguage":"de","@id":"https:\/\/mediation-hamburg.hamburg\/wp-content\/uploads\/2020\/09\/8050347-scaled.jpg","url":"https:\/\/mediation-hamburg.hamburg\/wp-content\/uploads\/2020\/09\/8050347-scaled.jpg","contentUrl":"https:\/\/mediation-hamburg.hamburg\/wp-content\/uploads\/2020\/09\/8050347-scaled.jpg","width":2560,"height":1707,"caption":"Sophie Seifert-T\u00f6nnis"},"logo":{"@id":"https:\/\/mediation-hamburg.hamburg\/wp-content\/uploads\/2020\/09\/8050347-scaled.jpg"},"sameAs":["http:\/\/mediation-hamburg.hamburg"]}]}},"uagb_featured_image_src":{"full":["https:\/\/mediation-hamburg.hamburg\/wp-content\/uploads\/2022\/04\/gemeinsam2-scaled.jpg",2560,1620,false],"thumbnail":["https:\/\/mediation-hamburg.hamburg\/wp-content\/uploads\/2022\/04\/gemeinsam2-150x150.jpg",150,150,true],"medium":["https:\/\/mediation-hamburg.hamburg\/wp-content\/uploads\/2022\/04\/gemeinsam2-300x190.jpg",300,190,true],"medium_large":["https:\/\/mediation-hamburg.hamburg\/wp-content\/uploads\/2022\/04\/gemeinsam2-768x486.jpg",710,449,true],"large":["https:\/\/mediation-hamburg.hamburg\/wp-content\/uploads\/2022\/04\/gemeinsam2-1024x648.jpg",710,449,true],"1536x1536":["https:\/\/mediation-hamburg.hamburg\/wp-content\/uploads\/2022\/04\/gemeinsam2-1536x972.jpg",1536,972,true],"2048x2048":["https:\/\/mediation-hamburg.hamburg\/wp-content\/uploads\/2022\/04\/gemeinsam2-2048x1296.jpg",2048,1296,true],"efor_image_size_1":["https:\/\/mediation-hamburg.hamburg\/wp-content\/uploads\/2022\/04\/gemeinsam2-1060x671.jpg",1060,671,true],"efor_image_size_2":["https:\/\/mediation-hamburg.hamburg\/wp-content\/uploads\/2022\/04\/gemeinsam2-550x348.jpg",550,348,true],"efor_image_size_3":["https:\/\/mediation-hamburg.hamburg\/wp-content\/uploads\/2022\/04\/gemeinsam2-550x550.jpg",550,550,true],"efor_image_size_4":["https:\/\/mediation-hamburg.hamburg\/wp-content\/uploads\/2022\/04\/gemeinsam2-550x362.jpg",550,362,true],"efor_image_size_5":["https:\/\/mediation-hamburg.hamburg\/wp-content\/uploads\/2022\/04\/gemeinsam2-300x300.jpg",300,300,true],"efor_image_size_6":["https:\/\/mediation-hamburg.hamburg\/wp-content\/uploads\/2022\/04\/gemeinsam2-790x500.jpg",790,500,true],"efor_image_size_7":["https:\/\/mediation-hamburg.hamburg\/wp-content\/uploads\/2022\/04\/gemeinsam2-1920x1215.jpg",1920,1215,true],"efor_image_size_8":["https:\/\/mediation-hamburg.hamburg\/wp-content\/uploads\/2022\/04\/gemeinsam2-1707x1080.jpg",1707,1080,true]},"uagb_author_info":{"display_name":"Janina Strohschein","author_link":"https:\/\/mediation-hamburg.hamburg\/?author=2"},"uagb_comment_info":0,"uagb_excerpt":null,"_links":{"self":[{"href":"https:\/\/mediation-hamburg.hamburg\/index.php?rest_route=\/wp\/v2\/pages\/113","targetHints":{"allow":["GET"]}}],"collection":[{"href":"https:\/\/mediation-hamburg.hamburg\/index.php?rest_route=\/wp\/v2\/pages"}],"about":[{"href":"https:\/\/mediation-hamburg.hamburg\/index.php?rest_route=\/wp\/v2\/types\/page"}],"author":[{"embeddable":true,"href":"https:\/\/mediation-hamburg.hamburg\/index.php?rest_route=\/wp\/v2\/users\/2"}],"replies":[{"embeddable":true,"href":"https:\/\/mediation-hamburg.hamburg\/index.php?rest_route=%2Fwp%2Fv2%2Fcomments&post=113"}],"version-history":[{"count":70,"href":"https:\/\/mediation-hamburg.hamburg\/index.php?rest_route=\/wp\/v2\/pages\/113\/revisions"}],"predecessor-version":[{"id":1398,"href":"https:\/\/mediation-hamburg.hamburg\/index.php?rest_route=\/wp\/v2\/pages\/113\/revisions\/1398"}],"wp:featuredmedia":[{"embeddable":true,"href":"https:\/\/mediation-hamburg.hamburg\/index.php?rest_route=\/wp\/v2\/media\/1313"}],"wp:attachment":[{"href":"https:\/\/mediation-hamburg.hamburg\/index.php?rest_route=%2Fwp%2Fv2%2Fmedia&parent=113"}],"curies":[{"name":"wp","href":"https:\/\/api.w.org\/{rel}","templated":true}]}}